{"id":5,"date":"2022-12-30T20:54:28","date_gmt":"2022-12-30T19:54:28","guid":{"rendered":"http:\/\/michel-hocq.ovh\/?page_id=5"},"modified":"2022-12-30T21:42:34","modified_gmt":"2022-12-30T20:42:34","slug":"creez-votre-site-avec-des-blocs","status":"publish","type":"page","link":"https:\/\/michel-hocq.ovh\/","title":{"rendered":"Cr\u00e9ez votre site avec des blocs"},"content":{"rendered":"\n<h2 class=\"alignwide has-text-align-wide has-gigantic-font-size wp-block-heading\" style=\"line-height:1.1\">Michel Hocq<\/h2>\n\n\n\n<h2 class=\"wp-block-heading\"><\/h2>\n\n\n\n<figure class=\"wp-block-image size-large is-resized is-style-rounded\"><img loading=\"lazy\" decoding=\"async\" src=\"http:\/\/michel-hocq.ovh\/wp-content\/uploads\/2022\/12\/Michel-1.jpg\" alt=\"\" width=\"606\" height=\"606\"\/><\/figure>\n\n\n\n<div style=\"height:50px\" aria-hidden=\"true\" class=\"wp-block-spacer\"><\/div>\n\n\n\n<div class=\"wp-block-columns alignwide are-vertically-aligned-top is-layout-flex wp-container-core-columns-is-layout-9d6595d7 wp-block-columns-is-layout-flex\">\n<div class=\"wp-block-column is-vertically-aligned-top is-layout-flow wp-block-column-is-layout-flow\">\n<h3 class=\"wp-block-heading\">Ajouter des compositions de blocs<\/h3>\n\n\n\n<p>Les compositions de blocs sont des groupes de blocs pr\u00e9-con\u00e7us. Pour en ajouter un, s\u00e9lectionnez le bouton Ajouter un bloc [+] dans la barre d\u2019outils en haut de l\u2019\u00e9diteur. Passez \u00e0 l\u2019onglet Compositions sous la barre de recherche, et choisissez une composition.<\/p>\n<\/div>\n\n\n\n<div class=\"wp-block-column is-vertically-aligned-top is-layout-flow wp-block-column-is-layout-flow\">\n<h3 class=\"wp-block-heading\">Encadrez vos images<\/h3>\n\n\n\n<p>Twenty Twenty-One inclut de sublimes bordures pour votre contenu. Avec un bloc d\u2019image s\u00e9lectionn\u00e9, ouvrez le panneau \u00ab&nbsp;Styles&nbsp;\u00bb dans la barre lat\u00e9rale de l\u2019\u00e9diteur. S\u00e9lectionnez le style de bloc \u00ab&nbsp;Cadre&nbsp;\u00bb pour l\u2019activer.<\/p>\n<\/div>\n\n\n\n<div class=\"wp-block-column is-vertically-aligned-top is-layout-flow wp-block-column-is-layout-flow\">\n<h3 class=\"wp-block-heading\">Colonnes se chevauchant<\/h3>\n\n\n\n<p>Twenty Twenty-One inclut \u00e9galement un style \u00ab&nbsp;chevauchement&nbsp;\u00bb pour le bloc colonnes. S\u00e9lectionnez un bloc colonnes puis ouvrez le panneau \u00ab&nbsp;styles&nbsp;\u00bb dans la barre lat\u00e9rale de l\u2019\u00e9diteur. S\u00e9lectionnez le style de bloc \u00ab&nbsp;chevauchement&nbsp;\u00bb pour l\u2019essayer.<\/p>\n<\/div>\n<\/div>\n","protected":false},"excerpt":{"rendered":"<p>Michel Hocq Ajouter des compositions de blocs Les compositions de blocs sont des groupes de blocs pr\u00e9-con\u00e7us. Pour en ajouter un, s\u00e9lectionnez le bouton Ajouter un bloc [+] dans la barre d\u2019outils en haut de l\u2019\u00e9diteur. Passez \u00e0 l\u2019onglet Compositions sous la barre de recherche, et choisissez une composition. Encadrez vos images Twenty Twenty-One inclut&hellip; <a class=\"more-link\" href=\"https:\/\/michel-hocq.ovh\/\">Poursuivre la lecture <span class=\"screen-reader-text\">Cr\u00e9ez votre site avec des blocs<\/span><\/a><\/p>\n","protected":false},"author":1,"featured_media":0,"parent":0,"menu_order":0,"comment_status":"closed","ping_status":"closed","template":"","meta":{"footnotes":""},"class_list":["post-5","page","type-page","status-publish","hentry","entry"],"_links":{"self":[{"href":"https:\/\/michel-hocq.ovh\/index.php\/wp-json\/wp\/v2\/pages\/5","targetHints":{"allow":["GET"]}}],"collection":[{"href":"https:\/\/michel-hocq.ovh\/index.php\/wp-json\/wp\/v2\/pages"}],"about":[{"href":"https:\/\/michel-hocq.ovh\/index.php\/wp-json\/wp\/v2\/types\/page"}],"author":[{"embeddable":true,"href":"https:\/\/michel-hocq.ovh\/index.php\/wp-json\/wp\/v2\/users\/1"}],"replies":[{"embeddable":true,"href":"https:\/\/michel-hocq.ovh\/index.php\/wp-json\/wp\/v2\/comments?post=5"}],"version-history":[{"count":5,"href":"https:\/\/michel-hocq.ovh\/index.php\/wp-json\/wp\/v2\/pages\/5\/revisions"}],"predecessor-version":[{"id":35,"href":"https:\/\/michel-hocq.ovh\/index.php\/wp-json\/wp\/v2\/pages\/5\/revisions\/35"}],"wp:attachment":[{"href":"https:\/\/michel-hocq.ovh\/index.php\/wp-json\/wp\/v2\/media?parent=5"}],"curies":[{"name":"wp","href":"https:\/\/api.w.org\/{rel}","templated":true}]}}